{"id":10008,"date":"2022-08-05T12:49:41","date_gmt":"2022-08-05T12:49:41","guid":{"rendered":"https:\/\/www.mladipretpriemaci.mk\/?page_id=10008"},"modified":"2022-08-30T12:59:26","modified_gmt":"2022-08-30T12:59:26","slug":"%d0%b7%d0%b0-%d0%bd%d0%b0%d1%81","status":"publish","type":"page","link":"https:\/\/mladipretpriemaci.mk\/sq\/%d0%b7%d0%b0-%d0%bd%d0%b0%d1%81\/","title":{"rendered":"RRETH NESH"},"content":{"rendered":"<div data-elementor-type=\"wp-page\" data-elementor-id=\"10008\" class=\"elementor elementor-10008\">\n\t\t\t\t\t\t\t\t\t<section class=\"elementor-section elementor-top-section elementor-element elementor-element-db2aec7 elementor-section-boxed elementor-section-height-default elementor-section-height-default\" data-id=\"db2aec7\" data-element_type=\"section\" data-no-translation=\"\">\n\t\t\t\t\t\t<div class=\"elementor-container elementor-column-gap-default\">\n\t\t\t\t\t<div class=\"elementor-column elementor-col-100 elementor-top-column elementor-element elementor-element-9f038e4 column-style-top\" data-id=\"9f038e4\" data-element_type=\"column\">\n\t\t\t<div class=\"elementor-widget-wrap elementor-element-populated\">\n\t\t\t\t\t\t\t\t<div class=\"elementor-element elementor-element-b764b1e elementor-widget elementor-widget-text-editor\" data-id=\"b764b1e\" data-element_type=\"widget\" data-widget_type=\"text-editor.default\">\n\t\t\t\t<div class=\"elementor-widget-container\">\n\t\t\t\t\t\t\t<h4><strong><img loading=\"lazy\" decoding=\"async\" class=\"alignnone size-full wp-image-10671\" src=\"https:\/\/www.mladipretpriemaci.mk\/wp-content\/uploads\/2022\/08\/Logo_Transparent-05-1-e1661505261827.png\" alt=\"\" width=\"434\" height=\"157\" srcset=\"https:\/\/mladipretpriemaci.mk\/wp-content\/uploads\/2022\/08\/Logo_Transparent-05-1-e1661505261827.png 434w, https:\/\/mladipretpriemaci.mk\/wp-content\/uploads\/2022\/08\/Logo_Transparent-05-1-e1661505261827-18x7.png 18w\" sizes=\"auto, (max-width: 434px) 100vw, 434px\" \/><\/strong><\/h4><h4><strong>Rreth platform\u00ebs<\/strong><\/h4><p>Ueb-platforma \u00ebsht\u00eb menduar si mjet p\u00ebr mbledhjen e mjeteve financiare n\u00eb form\u00eb t\u00eb crowdfunding p\u00ebr idet\u00eb p\u00ebr themelimin e nd\u00ebrmarrjeve sociale n\u00eb Maqedonin\u00eb e Veriut. Platforma gjithashtu \u00ebsht\u00eb paramenduar si nj\u00eb burim p\u00ebr nismat ekzistuese dhe t\u00eb reja t\u00eb sip\u00ebrmarrjes sociale. P\u00ebrve\u00e7 k\u00ebsaj, platforma ofron informacione p\u00ebr mb\u00ebshtetje, mbind\u00ebrtim, ndarje njohurish si dhe rrjet\u00ebzim. N\u00eb pjes\u00ebn e mbledhjes s\u00eb mjeteve financiare, krijuesit e iniciativave do t\u00eb ken\u00eb mund\u00ebsin\u00eb t\u00eb publikojn\u00eb iniciativa dhe t\u00eb mbledhin mjete financiare si pjes\u00eb e fushat\u00ebs crowdfunding.<\/p><h4><strong>Rreth projektit<\/strong><\/h4><p><strong>\u00a0<\/strong>Projekti &#8220;Sip\u00ebrmarrja Sociale p\u00ebr Pun\u00ebsimin e t\u00eb Rinjve&#8221; do t\u00eb p\u00ebrpiqet t\u00eb ofroj\u00eb mund\u00ebsi p\u00ebr ngritjen e kapaciteteve p\u00ebr t\u00eb rinjt\u00eb e papun\u00eb, duke i udh\u00ebhequr n\u00eb t\u00eb nj\u00ebjt\u00ebn koh\u00eb p\u00ebrmes nj\u00eb procesi t\u00eb vet\u00ebzhvillimit dhe rritjes n\u00eb fush\u00ebn e sip\u00ebrmarrjes sociale si nj\u00eb m\u00ebnyr\u00eb moderne e vet\u00ebpun\u00ebsimit. Projekti synon t\u00eb krijoj\u00eb nj\u00eb mjedis t\u00eb favorsh\u00ebm p\u00ebr sip\u00ebrmarrjen sociale t\u00eb t\u00eb rinjve, i cili do t\u00eb reduktonte papun\u00ebsin\u00eb tek t\u00eb rinjt\u00eb; do t\u00eb forcoj\u00eb kompetencat dhe kapacitetet e t\u00eb rinjve t\u00eb rrezikuar; do t\u00eb promovoj\u00eb sip\u00ebrmarrjen sociale t\u00eb udh\u00ebhequr nga t\u00eb rinjt\u00eb; do t\u00eb p\u00ebrfshij\u00eb t\u00eb rinjt\u00eb n\u00eb nd\u00ebrmarrjet sociale si dhe do t\u00eb siguroj\u00eb hap\u00ebsir\u00eb p\u00ebr mbledhjen e mjeteve p\u00ebr zbatimin e ideve t\u00eb reja p\u00ebr nd\u00ebrmarrjet sociale. Projekti synon t\u00eb rris\u00eb aft\u00ebsit\u00eb e t\u00eb rinjve t\u00eb papun\u00eb nga kategorit\u00eb e rrezikuara duke ndikuar n\u00eb fuqin\u00eb e tyre ekonomike, t\u00eb rris\u00eb interesin e t\u00eb rinjve p\u00ebr sip\u00ebrmarrjen sociale p\u00ebrmes krijimit mund\u00ebsi t\u00eb ndryshme n\u00eb k\u00ebt\u00eb fush\u00eb, mb\u00ebshtetje m\u00eb t\u00eb madhe online dhe offline logjistike dhe teknike p\u00ebr nd\u00ebrmarrjet sociale q\u00eb do kontribuoj\u00eb n\u00eb rritjen e zhvillimit socio-ekonomik t\u00eb nd\u00ebrmarrjeve dhe punonj\u00ebsve t\u00eb tyre, rritjen e m\u00ebnyrave alternative t\u00eb financimit t\u00eb nd\u00ebrmarrjeve sociale q\u00eb do t\u00eb rezultonte n\u00eb rritjen e numrit t\u00eb nd\u00ebrmarrjeve sociale, rritjen e numrit t\u00eb dokumenteve strategjike komb\u00ebtare q\u00eb parashikojn\u00eb masa dhe aktivitete p\u00ebr sip\u00ebrmarr\u00ebsit e rinj social\u00eb.<\/p><p><strong>Grupet e synuara t\u00eb p\u00ebrgjithshme:<\/strong><\/p><p><strong>\u00a0<\/strong>Grupet e p\u00ebrgjithshme t\u00eb synuara t\u00eb projektit jan\u00eb t\u00eb rinjt\u00eb dhe nd\u00ebrmarrjet sociale ekzistuese q\u00eb kan\u00eb d\u00ebshir\u00eb t\u00eb p\u00ebrmir\u00ebsojn\u00eb sh\u00ebrbimet e tyre.<\/p><p><strong>Grupet e synuara specifike:\u00a0<\/strong><\/p><ul><li>Rom\u00eb t\u00eb rinj;<\/li><li>T\u00eb rinjt\u00eb pa kujdes prind\u00ebror;<\/li><li>T\u00eb rinjt\u00eb me aft\u00ebsi t\u00eb kufizuara;<\/li><li>Vajza t\u00eb reja;<\/li><li>T\u00eb rinj &#8211; ish vart\u00ebs t\u00eb l\u00ebnd\u00ebve narkotike.<\/li><\/ul><p><strong>Q\u00ebllimi kryesor <\/strong>i projektit \u00ebsht\u00eb t\u00eb inkurajoj\u00eb fuqizimin ekonomik dhe zhvillimin e nd\u00ebrmarrjeve sociale t\u00eb udh\u00ebhequra nga t\u00eb rinjt\u00eb.<\/p><p>P\u00ebr q\u00ebllimet e k\u00ebsaj thirrjeje p\u00ebr mb\u00ebshtetje financiare, me nd\u00ebrmarrje sociale n\u00ebnkuptohet: &#8220;nd\u00ebrmarrje sociale p\u00ebrkufizohet si nj\u00eb operator n\u00eb ekonomin\u00eb sociale, q\u00ebllimi kryesor i t\u00eb cilit \u00ebsht\u00eb t\u00eb ket\u00eb nj\u00eb ndikim shoq\u00ebror duke ofruar mallra dhe sh\u00ebrbime n\u00eb treg n\u00eb m\u00ebnyr\u00eb inovative dhe n\u00eb m\u00ebnyr\u00eb sip\u00ebrmarr\u00ebse, duke p\u00ebrdorur fitimin e tij kryesisht p\u00ebr arritjen e q\u00ebllimeve shoq\u00ebrore, dhe menaxhohet n\u00eb m\u00ebnyr\u00eb pjes\u00ebmarr\u00ebse me p\u00ebrfshirjen e punonj\u00ebsve, konsumator\u00ebve dhe pal\u00ebve t\u00eb interesuara q\u00eb preken nga aktivitetet e saj [&#8230;] termi q\u00ebllim shoq\u00ebror konsiderohet n\u00eb kuptimin m\u00eb t\u00eb gjer\u00eb dhe p\u00ebrfshin ofrimin e sh\u00ebrbimeve kulturore, sh\u00ebndet\u00ebsore dhe arsimore, si dhe sh\u00ebrbime p\u00ebr mbrojtjen e mjedisit jet\u00ebsor. P\u00ebrmes promovimit t\u00eb interesit t\u00eb p\u00ebrgjithsh\u00ebm, NS-t\u00eb kap\u00ebrcejn\u00eb orientimin tradicional ndaj pronar\u00ebve dhe aksionar\u00ebve. N\u00eb rastin kur b\u00ebhet fjal\u00eb p\u00ebr nj\u00eb produkt, NS-t\u00eb duhet t\u00eb ofrojn\u00eb nj\u00eb produkt\/sh\u00ebrbim q\u00eb ka vler\u00eb sociale\u201d.<\/p><p>P\u00ebr q\u00ebllimet e k\u00ebtij projekti, sip\u00ebrmarrje sociale rinore p\u00ebrkufizohet si nj\u00eb nd\u00ebrmarrje sociale q\u00eb: a) ka nj\u00eb struktur\u00eb drejtuese t\u00eb p\u00ebrb\u00ebr\u00eb nga 2\/3 t\u00eb rinj t\u00eb mosh\u00ebs 15-29 vje\u00e7; ose b) pun\u00ebson ose angazhon t\u00eb rinj t\u00eb mosh\u00ebs 15-29 vje\u00e7 ose c) nd\u00ebrmarrje sociale q\u00eb ndikon drejtp\u00ebrdrejt dhe krijon p\u00ebrfitime p\u00ebr t\u00eb rinjt\u00eb e mosh\u00ebs 15-29 vje\u00e7.<\/p><p><strong> <img loading=\"lazy\" decoding=\"async\" class=\"alignnone size-full wp-image-10670\" src=\"https:\/\/www.mladipretpriemaci.mk\/wp-content\/uploads\/2022\/08\/NMS_logo_EN_CMYK_HV_G-01-2-e1661505319464.png\" alt=\"\" width=\"433\" height=\"133\" srcset=\"https:\/\/mladipretpriemaci.mk\/wp-content\/uploads\/2022\/08\/NMS_logo_EN_CMYK_HV_G-01-2-e1661505319464.png 433w, https:\/\/mladipretpriemaci.mk\/wp-content\/uploads\/2022\/08\/NMS_logo_EN_CMYK_HV_G-01-2-e1661505319464-18x6.png 18w\" sizes=\"auto, (max-width: 433px) 100vw, 433px\" \/><\/strong><\/p><h4><strong style=\"font-size: 1.6rem;\">Rreth KRNM-s\u00eb<\/strong><\/h4><p>K\u00ebshilli Rinor Nacional i Maqedonis\u00eb \u00ebsht\u00eb union i shoqatave n\u00eb t\u00eb cilin n\u00eb baza vullnetare an\u00ebtar\u00ebsohen shoqatat dhe fondacionet nga Republika e Maqedonis\u00eb s\u00eb Veriut. KRNM-ja \u00ebsht\u00eb themeluar m\u00eb 29 qershor 2013 dhe n\u00eb rrjetin e saj bashkon 51 organizata me formime t\u00eb ndryshme: 16 organizata rinore, 20 organizata p\u00ebr t\u00eb rinjt\u00eb, 1 sindikat\u00eb, 7 deg\u00eb rinore t\u00eb organizatave t\u00eb tjera dhe 7 organizata t\u00eb shoq\u00ebruese.<\/p><p>K\u00ebshilli Rinor Nacional i Maqedonis\u00eb p\u00ebrmes zyrave rajonale punon n\u00eb nivel lokal n\u00eb t\u00eb gjitha rajonet planore dhe s\u00eb bashku me t\u00eb gjith\u00eb an\u00ebtar\u00ebt dhe organet e KRNM-s\u00eb punon n\u00eb nivel komb\u00ebtar dhe nd\u00ebrkomb\u00ebtar. Fushat kryesore n\u00eb t\u00eb cilat K\u00ebshilli ka nd\u00ebrtuar nj\u00eb portofol afatgjat\u00eb jan\u00eb krijimi dhe inkurajimi e proceseve, aktiviteteve dhe programeve p\u00ebr ngritjen e kapaciteteve t\u00eb formave rinore t\u00eb organizimit; krijimi i proceseve, aktiviteteve dhe programeve n\u00eb drejtim t\u00eb zhvillimit personal dhe profesional t\u00eb t\u00eb rinjve; p\u00ebrfaq\u00ebsimi dhe bashk\u00ebpunimi me t\u00eb gjith\u00eb aktor\u00ebt p\u00ebrkat\u00ebs, me q\u00ebllim t\u00eb p\u00ebrmir\u00ebsimit t\u00eb kapaciteteve dhe mund\u00ebsive p\u00ebr format rinore t\u00eb organizimit dhe promovimit t\u00eb mir\u00ebqenies s\u00eb t\u00eb rinjve, inkurajimin dhe udh\u00ebheqjen e proceseve p\u00ebr krijimin e politikave rinore; promovimin dhe monitorimin e politikave ekzistuese rinore; p\u00ebrfaq\u00ebsim dhe bashk\u00ebpunim me\/para t\u00eb gjith\u00eb aktor\u00ebve relevant\u00eb (komb\u00ebtar\u00eb, rajonal\u00eb dhe nd\u00ebrkomb\u00ebtar\u00eb) me q\u00ebllim p\u00ebrmir\u00ebsimin e pozit\u00ebs (politikave p\u00ebr pjes\u00ebmarrjen e t\u00eb rinjve, standardin rinor, cil\u00ebsin\u00eb e jet\u00ebs) t\u00eb t\u00eb rinjve. N\u00ebp\u00ebrmjet k\u00ebtyre fushave, KRNM-ja ndikon drejtp\u00ebrdrejt n\u00eb mir\u00ebqenien e t\u00eb rinjve, mund\u00ebson rritjen socio-ekonomike t\u00eb t\u00eb rinjve, inkurajon qytetarin\u00eb aktive dhe aktivizmin rinor, krijon rrjete nd\u00ebrmjet t\u00eb rinjve, sektorit t\u00eb biznesit, donator\u00ebve, institucioneve dhe pal\u00ebve t\u00eb tjera t\u00eb interesuara dhe avokon p\u00ebr monitorimin e tendencave n\u00eb fush\u00ebn e t\u00eb rinjve.<\/p><p>Nga 29 n\u00ebntori 2015, K\u00ebshilli Rinor Nacional i Maqedonis\u00eb \u00ebsht\u00eb pjes\u00eb e familjes evropiane t\u00eb organizatave rinore, Forumi Rinor Evropian.<\/p><p>Aktualisht n\u00eb KRNM funksionojn\u00eb dy programe, <span style=\"text-decoration: underline;\"><a href=\"https:\/\/www.mladipretpriemaci.mk\/wp-content\/uploads\/2022\/08\/ALBProgrami-i-mireqeverisjes.docx\">programi p\u00ebr qeverisje t\u00eb mir\u00eb<\/a><\/span> dhe <span style=\"text-decoration: underline;\"><a href=\"https:\/\/www.mladipretpriemaci.mk\/wp-content\/uploads\/2022\/08\/ALB-Programi-per-Zhvillim-Strategjik.docx\">programi p\u00ebr zhvillim strategjik<\/a><\/span>.<\/p>\t\t\t\t\t\t<\/div>\n\t\t\t\t<\/div>\n\t\t\t\t\t<\/div>\n\t\t<\/div>\n\t\t\t\t\t\t\t<\/div>\n\t\t<\/section>\n\t\t\t\t\t\t\t<\/div>","protected":false},"excerpt":{"rendered":"<p>\u0417\u0430 \u043f\u043b\u0430\u0442\u0444\u043e\u0440\u043c\u0430\u0442\u0430 \u00a0\u0412\u0435\u0431-\u043f\u043b\u0430\u0442\u0444\u043e\u0440\u043c\u0430\u0442\u0430 \u0435 \u043f\u0440\u0435\u0434\u0432\u0438\u0434\u0435\u043d\u0430 \u043a\u0430\u043a\u043e \u0430\u043b\u0430\u0442\u043a\u0430 \u0437\u0430 \u043f\u0440\u0438\u0431\u0438\u0440\u0430\u045a\u0435 \u0441\u0440\u0435\u0434\u0441\u0442\u0432\u0430 \u0432\u043e \u0444\u043e\u0440\u043c\u0430 \u043d\u0430 crowdfunding \u0437\u0430 \u0438\u0434\u0435\u0438 \u0437\u0430 \u0432\u043e\u0441\u043f\u043e\u0441\u0442\u0430\u0432\u0443\u0432\u0430\u045a\u0435 \u043d\u0430 \u0441\u043e\u0446\u0438\u0458\u0430\u043b\u043d\u0438 \u043f\u0440\u0435\u0442\u043f\u0440\u0438\u0458\u0430\u0442\u0438\u0458\u0430 \u0432\u043e \u0421\u0435\u0432\u0435\u0440\u043d\u0430 \u041c\u0430\u043a\u0435\u0434\u043e\u043d\u0438\u0458\u0430. \u041f\u043b\u0430\u0442\u0444\u043e\u0440\u043c\u0430\u0442\u0430 \u0435 \u0437\u0430\u043c\u0438\u0441\u043b\u0435\u043d\u0430 \u0438 \u043a\u0430\u043a\u043e \u0440\u0435\u0441\u0443\u0440\u0441 \u0437\u0430 \u043f\u043e\u0441\u0442\u043e\u0435\u0447\u043a\u0438 \u0438 \u043d\u043e\u0432\u0438 \u0438\u043d\u0438\u0446\u0438\u0458\u0430\u0442\u0438\u0432\u0438 \u0437\u0430 \u0441\u043e\u0446\u0438\u0458\u0430\u043b\u043d\u043e \u043f\u0440\u0435\u0442\u043f\u0440\u0438\u0435\u043c\u043d\u0438\u0448\u0442\u0432\u043e. \u041f\u043e\u043a\u0440\u0430\u0458 \u0442\u043e\u0430, \u043f\u043b\u0430\u0442\u0444\u043e\u0440\u043c\u0430\u0442\u0430 \u043d\u0443\u0434\u0438 \u0438\u043d\u0444\u043e\u0440\u043c\u0430\u0446\u0438\u0438 \u0437\u0430 \u043f\u043e\u0434\u0434\u0440\u0448\u043a\u0430, \u043d\u0430\u0434\u043e\u0433\u0440\u0430\u0434\u0443\u0432\u0430\u045a\u0435, \u0441\u043f\u043e\u0434\u0435\u043b\u0443\u0432\u0430\u045a\u0435 \u043d\u0430 \u0437\u043d\u0430\u0435\u045a\u0435 \u043a\u0430\u043a\u043e \u0438 \u0432\u043c\u0440\u0435\u0436\u0443\u0432\u0430\u045a\u0435. \u0412\u043e \u0434\u0435\u043b\u043e\u0442 \u0437\u0430 [&hellip;]<\/p>","protected":false},"author":1,"featured_media":0,"parent":0,"menu_order":0,"comment_status":"closed","ping_status":"closed","template":"","meta":{"footnotes":""},"class_list":["post-10008","page","type-page","status-publish","hentry"],"wpcf_dashboard":"<div class=\"woocommerce\"><div class=\"woocommerce-info\">Please log in first? <a class=\"wpneoShowLogin\" href=\"#\">Click here to login<\/a><\/div><div class=\"wpneo_login_form_div\" style=\"display: none;\"><form name=\"loginform\" id=\"loginform\" action=\"https:\/\/mladipretpriemaci.mk\/sq\/tabcloud\/\" method=\"post\"><p class=\"login-username\">\n\t\t\t\t<label for=\"user_login\">Em\u00ebr P\u00ebrdoruesi ose Adres\u00eb Email<\/label>\n\t\t\t\t<input type=\"text\" name=\"log\" id=\"user_login\" autocomplete=\"username\" class=\"input\" value=\"\" size=\"20\" \/>\n\t\t\t<\/p><p class=\"login-password\">\n\t\t\t\t<label for=\"user_pass\">Fjal\u00ebkalim<\/label>\n\t\t\t\t<input type=\"password\" name=\"pwd\" id=\"user_pass\" autocomplete=\"current-password\" spellcheck=\"false\" class=\"input\" value=\"\" size=\"20\" \/>\n\t\t\t<\/p><p class=\"login-remember\"><label><input name=\"rememberme\" type=\"checkbox\" id=\"rememberme\" value=\"forever\" \/> Mbam\u00eb Mend<\/label><\/p><p class=\"login-submit\">\n\t\t\t\t<input type=\"submit\" name=\"wp-submit\" id=\"wp-submit\" class=\"button button-primary\" value=\"Hyni\" \/>\n\t\t\t\t<input type=\"hidden\" name=\"redirect_to\" value=\"https:\/\/mladipretpriemaci.mk\/sq\/wp-json\/wp\/v2\/pages\/10008\" \/>\n\t\t\t<\/p><\/form><\/div><\/div>","_links":{"self":[{"href":"https:\/\/mladipretpriemaci.mk\/sq\/wp-json\/wp\/v2\/pages\/10008","targetHints":{"allow":["GET"]}}],"collection":[{"href":"https:\/\/mladipretpriemaci.mk\/sq\/wp-json\/wp\/v2\/pages"}],"about":[{"href":"https:\/\/mladipretpriemaci.mk\/sq\/wp-json\/wp\/v2\/types\/page"}],"author":[{"embeddable":true,"href":"https:\/\/mladipretpriemaci.mk\/sq\/wp-json\/wp\/v2\/users\/1"}],"replies":[{"embeddable":true,"href":"https:\/\/mladipretpriemaci.mk\/sq\/wp-json\/wp\/v2\/comments?post=10008"}],"version-history":[{"count":0,"href":"https:\/\/mladipretpriemaci.mk\/sq\/wp-json\/wp\/v2\/pages\/10008\/revisions"}],"wp:attachment":[{"href":"https:\/\/mladipretpriemaci.mk\/sq\/wp-json\/wp\/v2\/media?parent=10008"}],"curies":[{"name":"wp","href":"https:\/\/api.w.org\/{rel}","templated":true}]}}