{"id":10700,"date":"2022-09-12T00:45:54","date_gmt":"2022-09-12T00:45:54","guid":{"rendered":"https:\/\/www.mladipretpriemaci.mk\/?page_id=10700"},"modified":"2022-11-02T13:48:08","modified_gmt":"2022-11-02T13:48:08","slug":"%d0%bf%d0%be%d0%bb%d0%b8%d1%82%d0%b8%d0%ba%d0%b0%d1%82%d0%b0-%d0%b7%d0%b0-%d0%ba%d0%be%d0%bb%d0%b0%d1%87%d0%b8%d1%9a%d0%b0","status":"publish","type":"page","link":"https:\/\/mladipretpriemaci.mk\/sq\/%d0%bf%d0%be%d0%bb%d0%b8%d1%82%d0%b8%d0%ba%d0%b0%d1%82%d0%b0-%d0%b7%d0%b0-%d0%ba%d0%be%d0%bb%d0%b0%d1%87%d0%b8%d1%9a%d0%b0\/","title":{"rendered":"politik\u00ebn e biskotave"},"content":{"rendered":"<div data-elementor-type=\"wp-page\" data-elementor-id=\"10700\" class=\"elementor elementor-10700\">\n\t\t\t\t\t\t\t\t\t<section class=\"elementor-section elementor-top-section elementor-element elementor-element-a52649f elementor-section-boxed elementor-section-height-default elementor-section-height-default\" data-id=\"a52649f\" data-element_type=\"section\">\n\t\t\t\t\t\t<div class=\"elementor-container elementor-column-gap-default\">\n\t\t\t\t\t<div class=\"elementor-column elementor-col-100 elementor-top-column elementor-element elementor-element-7e319f3 column-style-top\" data-id=\"7e319f3\" data-element_type=\"column\">\n\t\t\t<div class=\"elementor-widget-wrap elementor-element-populated\">\n\t\t\t\t\t\t\t\t<div class=\"elementor-element elementor-element-00d8eba elementor-widget elementor-widget-text-editor\" data-id=\"00d8eba\" data-element_type=\"widget\" data-no-translation=\"\" data-widget_type=\"text-editor.default\">\n\t\t\t\t<div class=\"elementor-widget-container\">\n\t\t\t\t\t\t\t<p>Ndryshimi i fundit: N\u00ebntor, 2022.<\/p><p>\u00a0<\/p><h5><strong>\u00c7far\u00eb jan\u00eb cookies?<\/strong><\/h5><p>Kur vini n\u00eb platform\u00ebn elektronike t\u00eb crowdfunding t\u00eb K\u00ebshillit Rinor Nacional t\u00eb Maqedonis\u00eb, n\u00eb faqen e internetit mladipretpriemaci.mk ose p\u00ebrdorni sh\u00ebrbimet tona t\u00eb autorizuara nga ne, mblidhen cookies q\u00eb p\u00ebrmbajn\u00eb t\u00eb dh\u00ebna p\u00ebr ju. Kjo faqe shpjegon Politik\u00ebn p\u00ebr p\u00ebrdorimin e cookies n\u00eb mladipretpriemaci.mk.<\/p><p>Cookie-it jan\u00eb skedar\u00eb t\u00eb vegj\u00ebl teksti q\u00eb ruhen n\u00eb kompjuterin ose pajisjen tuaj q\u00eb p\u00ebrdorni kur vizitoni ueb faqen. Her\u00ebn tjet\u00ebr q\u00eb vizitoni faqen ton\u00eb, cookies na lejojn\u00eb t\u00eb njohim shfletuesin tuaj dhe t&#8217;ju ofrojm\u00eb qasje t\u00eb personalizuar duke kujtuar preferencat tuaja dhe vizitat e p\u00ebrs\u00ebritura. Cookie-it mund t\u00eb ruajn\u00eb preferencat tuaja dhe informacione t\u00eb tjera, por ato nuk mund t\u00eb lexojn\u00eb t\u00eb dh\u00ebnat ose informacionin tuaj nga hard disku juaj ose t\u00eb lexojn\u00eb skedar\u00ebt e ruajtur t\u00eb cookie-ve nga faqet e tjera t\u00eb internetit. Kur hyni p\u00ebr her\u00eb t\u00eb par\u00eb n\u00eb faqen ton\u00eb t\u00eb internetit www.mladipretpriemaci.mk, do t\u00eb shfaqet nj\u00eb dritare q\u00eb ju informon se ne p\u00ebrdorim cookie-ve. P\u00ebr p\u00ebrdorimin e duhur t\u00eb mladipretpriemaci.mk, i cili p\u00ebrfshin sesionet e p\u00ebrdoruesve (login), sistemi yn\u00eb duhet t\u00eb l\u00ebr\u00eb cookie n\u00eb pajisjen tuaj. Prandaj, p\u00ebr t\u00eb p\u00ebrdorur mladipretpriemaci.mk, ju duhet t\u00eb pranoni q\u00eb mladipretpriemaci.mk t\u00eb ruaj\u00eb cookie-t e nevojshme n\u00eb pajisjen tuaj.<\/p><p>\u00a0<\/p><h5><strong>Pse p\u00ebrdorim cookies?<\/strong><\/h5><p>Ne p\u00ebrdorim cookies p\u00ebr t\u00eb kuptuar m\u00eb mir\u00eb p\u00ebrdorimin e faqes s\u00eb internetit nga vizitor\u00ebt, duke mund\u00ebsuar k\u00ebshtu nj\u00eb p\u00ebrvoj\u00eb t\u00eb personalizuar t\u00eb p\u00ebrdoruesit. Cookies q\u00eb vendosen nga uebfaqja www.mladipretpriemacit.mk quhen cookies t\u00eb pal\u00ebs s\u00eb par\u00eb (first-party cookies). Cookies t\u00eb vendosura nga pal\u00eb t\u00eb tjera quhen cookie t\u00eb pal\u00ebve t\u00eb treta (third-party cookies). Kur vizitoni faqen ton\u00eb t\u00eb internetit, ne p\u00ebrdorim nj\u00eb sh\u00ebrbim t\u00eb pal\u00ebs s\u00eb tret\u00eb, Google Analytics dhe Facebook, p\u00ebr t\u00eb mbledhur informacione standarde p\u00ebr: koh\u00ebzgjatjen e vizit\u00ebs, llojin e pajisjes s\u00eb p\u00ebrdorur, shfletuesin e p\u00ebrdorur, uebfaqet e shikuara, etj. Cookies nga pal\u00ebt e treta nuk zbulojn\u00eb t\u00eb dh\u00ebnat personale t\u00eb vizitor\u00ebve q\u00eb ekzistojn\u00eb n\u00eb mladipretpriemaci.mk. Kontrolluesi i t\u00eb dh\u00ebnave personale (www.mladipretpriemaci.mk) nuk ka kontroll mbi cookie-t e pal\u00ebve t\u00eb treta dhe m\u00ebnyr\u00ebn se si ato do t\u00eb p\u00ebrdoren.<\/p><p>\u00a0<\/p><h5><strong>Lloji i cookie-ve t\u00eb p\u00ebrdorura<\/strong><\/h5><p>P\u00ebr t\u00eb mund\u00ebsuar funksionet themelore t\u00eb funksionimit t\u00eb platform\u00ebs son\u00eb, www.mladipretpriemaci.mk, si ruajtja e produkteve n\u00eb shport\u00eb, p\u00ebrzgjedhja e gjuh\u00ebs etj., ne p\u00ebrdorim cookies t\u00eb nevojshme (necessary cookies). Pa k\u00ebto cookie t\u00eb nevojshme, faqja e internetit nuk mund t\u00eb funksionoj\u00eb n\u00eb m\u00ebnyr\u00ebn m\u00eb t\u00eb mir\u00eb t\u00eb saj. Gjithashtu, p\u00ebr t\u00eb marr\u00eb p\u00eblqimin Tuaj (t\u00eb dh\u00ebnat p\u00ebr pranim\/mospranim) t\u00eb politik\u00ebs s\u00eb cookie-ve, p\u00ebrdorim cookies t\u00eb nevojshme.<\/p><p>Cookies statistikore (Statistical cookies) na lejojn\u00eb, n\u00ebp\u00ebrmjet mbledhjes anonime t\u00eb informacioneve, t\u00eb m\u00ebsojm\u00eb p\u00ebr: koh\u00ebzgjatjen e vizit\u00ebs, faqet e internetit q\u00eb jan\u00eb par\u00eb, vendndodhjen gjeografike (vendin\/qytetin), llojin e shfletuesit t\u00eb p\u00ebrdorur, llojin e pajisjes s\u00eb p\u00ebrdorur, burimi nga i cili \u00ebsht\u00eb vizituar faqja e internetit, etj. K\u00ebto informacione p\u00ebrdoren me q\u00ebllim t\u00eb krijimit t\u00eb raporteve statistikore q\u00eb do t\u00eb na mund\u00ebsojn\u00eb t\u00eb kuptojm\u00eb sjelljen e p\u00ebrdoruesit dhe t\u00eb ofrojm\u00eb funksione t\u00eb p\u00ebrmir\u00ebsuara n\u00eb faqen ton\u00eb t\u00eb internetit. K\u00ebto cookie nuk jan\u00eb t\u00eb nevojshme dhe nuk ndikojn\u00eb n\u00eb p\u00ebrvoj\u00ebn tuaj kur vizitoni faqen ton\u00eb t\u00eb internetit.<\/p><p>Cookies t\u00eb vendosura nga mladipretpriemaci.mk jan\u00eb n\u00ebn kompetenc\u00ebn ton\u00eb. Ju k\u00ebshillojm\u00eb t\u00eb lexoni politikat e tyre t\u00eb privat\u00ebsis\u00eb p\u00ebr informim dhe siguri m\u00eb t\u00eb mir\u00eb.<\/p><p>\u00a0<\/p><h5><strong>Kontrolli\/fshirja e cookies<\/strong><\/h5><p>Kur vizitoni faqen ton\u00eb t\u00eb internetit mladipretpriemaci.mk, n\u00eb pjes\u00ebn e poshtme shfaqet nj\u00eb dritare q\u00eb ju informon p\u00ebr llojet e cookies q\u00eb p\u00ebrdorim. Duke shtypur &#8220;Pajtohem&#8221; ju pranoni t\u00eb p\u00ebrdorim t\u00eb gjitha cookie-t, duke deklaruar n\u00eb k\u00ebt\u00eb m\u00ebnyr\u00eb se e kuptoni dhe pranoni politik\u00ebn ton\u00eb t\u00eb cookie-ve. N\u00ebse vazhdoni me pun\u00eb n\u00eb faqen ton\u00eb t\u00eb internetit pa klikuar butonin p\u00ebr p\u00eblqim, konsiderohet gjithashtu se jeni plot\u00ebsisht dakord me politik\u00ebn ton\u00eb t\u00eb cookie-ve.<\/p><p>Mund t\u00eb fshini \u00e7do cookie q\u00eb \u00ebsht\u00eb tashm\u00eb n\u00eb kompjuterin\/pajisjen tuaj dhe mund t\u00eb rregulloni shfletuesit tuaj t&#8217;i parandaloj\u00eb ato. N\u00ebse e b\u00ebni k\u00ebt\u00eb, do t&#8217;ju duhet t\u00eb rregulloni manualisht preferencat tuaja sa her\u00eb q\u00eb vizitoni faqen ton\u00eb t\u00eb internetit. Mund t\u00eb shihni m\u00eb shum\u00eb informacion rreth cil\u00ebsimeve t\u00eb shfletuesve tuaj n\u00eb lidhjet e m\u00ebposhtme:<\/p><p>Google Chrome:<\/p><p>https:\/\/support.google.com\/chrome\/answer\/95647?co=GENIE.Platform%3DDesktop&hl=en<\/p><p>Mozilla Firefox:<\/p><p>https:\/\/support.mozilla.org\/en-US\/kb\/enable-and-disable-cookies-website-preferences<\/p><p>Apple Safari:<\/p><p>https:\/\/support.apple.com\/en-mk\/guide\/safari\/sfri11471\/mac<\/p><p>Microsoft Internet Explorer:<\/p><p>https:\/\/support.microsoft.com\/en-gb\/windows\/delete-and-manage-cookies-168dab11-0753-043d-7c16-ede5947fc64d<\/p><p>\u00a0<\/p><h5><strong>Njoftimi i ndryshimeve<\/strong><\/h5><p>Politika p\u00ebr cookie-t mund t\u00eb ndryshoj\u00eb p\u00ebrkoh\u00ebsisht. N\u00ebse ka ndonj\u00eb ndryshim n\u00eb politik\u00ebn ton\u00eb t\u00eb cookie-ve, ato do t\u00eb sh\u00ebnohen n\u00eb politik\u00ebn p\u00ebr mbrojtjen e t\u00eb dh\u00ebnave personale, k\u00ebt\u00eb politik\u00eb t\u00eb cookie-ve, faqen kryesore t\u00eb faqes s\u00eb internetit <a href=\"http:\/\/www.mladipretpriemaci.mk\">www.mladipretpriemaci.mk<\/a> dhe n\u00eb vende t\u00eb tjera q\u00eb mendojm\u00eb se jan\u00eb t\u00eb p\u00ebrshtatshme. Ju rekomandojm\u00eb t\u00eb rishikoni ndryshimet e postuara n\u00eb k\u00ebto politika sa her\u00eb q\u00eb vizitoni faqen e internetit.<\/p><p>\u00a0<\/p><h5><strong>Informacione t\u00eb p\u00ebrgjithshme<\/strong><\/h5><p>Politika e cookie-ve \u00ebsht\u00eb pjes\u00eb e Politik\u00ebs s\u00eb privat\u00ebsis\u00eb dhe mbrojtjes s\u00eb t\u00eb dh\u00ebnave personale t\u00eb mladipretpriemaci.mk e cila shpjegon se \u00e7far\u00eb b\u00ebjm\u00eb ne me informacionin e mbledhur nga P\u00ebrdoruesit tan\u00eb. P\u00ebr m\u00eb shum\u00eb informacion, vizitoni Politik\u00ebn e privat\u00ebsis\u00eb dhe t\u00eb mbrojtjes s\u00eb t\u00eb dh\u00ebnave personale. Politikat mund t\u00eb ndryshohen dhe p\u00ebrdit\u00ebsohen her\u00eb pas here. Ju lutemi vizitoni politikat t\u00eb informoheni rreth ndryshimeve t\u00eb tyre t\u00eb mundshme.<\/p>\t\t\t\t\t\t<\/div>\n\t\t\t\t<\/div>\n\t\t\t\t\t<\/div>\n\t\t<\/div>\n\t\t\t\t\t\t\t<\/div>\n\t\t<\/section>\n\t\t\t\t\t\t\t<\/div>","protected":false},"excerpt":{"rendered":"<p>\u041f\u043e\u0441\u043b\u0435\u0434\u043d\u0430 \u043f\u0440\u043e\u043c\u0435\u043d\u0430: \u041d\u043e\u0435\u043c\u0432\u0440\u0438, 2022 \u0433\u043e\u0434. \u00a0 \u0428\u0442\u043e \u0441\u0435 \u043a\u043e\u043b\u0430\u0447\u0438\u045a\u0430 (cookies)? \u041a\u043e\u0433\u0430 \u045c\u0435 \u0434\u043e\u0458\u0434\u0435\u0442\u0435 \u043d\u0430 \u0435\u043b\u0435\u043a\u0442\u0440\u043e\u043d\u0441\u043a\u0430\u0442\u0430 \u043f\u043b\u0430\u0442\u0444\u043e\u0440\u043c\u0430 \u0437\u0430 crowdfunding \u043d\u0430 \u041d\u0430\u0446\u0438\u043e\u043d\u0430\u043b\u0435\u043d \u043c\u043b\u0430\u0434\u0438\u043d\u0441\u043a\u0438 \u0441\u043e\u0432\u0435\u0442 \u043d\u0430 \u041c\u0430\u043a\u0435\u0434\u043e\u043d\u0438\u0458\u0430, \u043d\u0430 \u0432\u0435\u0431 \u0441\u0442\u0440\u0430\u043d\u0430\u0442\u0430 mladipretpriemaci.mk \u0438\u043b\u0438 \u0433\u0438 \u043a\u043e\u0440\u0438\u0441\u0442\u0438\u0442\u0435 \u043d\u0430\u0448\u0438\u0442\u0435 \u0443\u0441\u043b\u0443\u0433\u0438 \u0430\u0432\u0442\u043e\u0440\u0438\u0437\u0438\u0440\u0430\u043d\u0438 \u043e\u0434 \u043d\u0430\u0448\u0430 \u0441\u0442\u0440\u0430\u043d\u0430 \u0441\u0435 \u0441\u043e\u0431\u0438\u0440\u0430\u0430\u0442 \u043a\u043e\u043b\u0430\u0447\u0438\u045a\u0430 \u043a\u043e\u0438 \u0441\u043e\u0434\u0440\u0436\u0430\u0442 \u043f\u043e\u0434\u0430\u0442\u043e\u0446\u0438 \u0437\u0430 \u0412\u0430\u0441. \u041e\u0432\u0430\u0430 \u0441\u0442\u0440\u0430\u043d\u0430 \u0458\u0430 \u043e\u0431\u0458\u0430\u0441\u043d\u0443\u0432\u0430 \u041f\u043e\u043b\u0438\u0442\u0438\u043a\u0430\u0442\u0430 \u0437\u0430 \u043a\u043e\u0440\u0438\u0441\u0442\u0435\u045a\u0435 \u043d\u0430 \u043a\u043e\u043b\u0430\u0447\u0438\u045a\u0430 \u0432\u043e [&hellip;]<\/p>","protected":false},"author":1,"featured_media":0,"parent":0,"menu_order":0,"comment_status":"closed","ping_status":"closed","template":"","meta":{"footnotes":""},"class_list":["post-10700","page","type-page","status-publish","hentry"],"wpcf_dashboard":"<div class=\"woocommerce\"><div class=\"woocommerce-info\">Please log in first? <a class=\"wpneoShowLogin\" href=\"#\">Click here to login<\/a><\/div><div class=\"wpneo_login_form_div\" style=\"display: none;\"><form name=\"loginform\" id=\"loginform\" action=\"https:\/\/mladipretpriemaci.mk\/sq\/tabcloud\/\" method=\"post\"><p class=\"login-username\">\n\t\t\t\t<label for=\"user_login\">Em\u00ebr P\u00ebrdoruesi ose Adres\u00eb Email<\/label>\n\t\t\t\t<input type=\"text\" name=\"log\" id=\"user_login\" autocomplete=\"username\" class=\"input\" value=\"\" size=\"20\" \/>\n\t\t\t<\/p><p class=\"login-password\">\n\t\t\t\t<label for=\"user_pass\">Fjal\u00ebkalim<\/label>\n\t\t\t\t<input type=\"password\" name=\"pwd\" id=\"user_pass\" autocomplete=\"current-password\" spellcheck=\"false\" class=\"input\" value=\"\" size=\"20\" \/>\n\t\t\t<\/p><p class=\"login-remember\"><label><input name=\"rememberme\" type=\"checkbox\" id=\"rememberme\" value=\"forever\" \/> Mbam\u00eb Mend<\/label><\/p><p class=\"login-submit\">\n\t\t\t\t<input type=\"submit\" name=\"wp-submit\" id=\"wp-submit\" class=\"button button-primary\" value=\"Hyni\" \/>\n\t\t\t\t<input type=\"hidden\" name=\"redirect_to\" value=\"https:\/\/mladipretpriemaci.mk\/sq\/wp-json\/wp\/v2\/pages\/10700\" \/>\n\t\t\t<\/p><\/form><\/div><\/div>","_links":{"self":[{"href":"https:\/\/mladipretpriemaci.mk\/sq\/wp-json\/wp\/v2\/pages\/10700","targetHints":{"allow":["GET"]}}],"collection":[{"href":"https:\/\/mladipretpriemaci.mk\/sq\/wp-json\/wp\/v2\/pages"}],"about":[{"href":"https:\/\/mladipretpriemaci.mk\/sq\/wp-json\/wp\/v2\/types\/page"}],"author":[{"embeddable":true,"href":"https:\/\/mladipretpriemaci.mk\/sq\/wp-json\/wp\/v2\/users\/1"}],"replies":[{"embeddable":true,"href":"https:\/\/mladipretpriemaci.mk\/sq\/wp-json\/wp\/v2\/comments?post=10700"}],"version-history":[{"count":0,"href":"https:\/\/mladipretpriemaci.mk\/sq\/wp-json\/wp\/v2\/pages\/10700\/revisions"}],"wp:attachment":[{"href":"https:\/\/mladipretpriemaci.mk\/sq\/wp-json\/wp\/v2\/media?parent=10700"}],"curies":[{"name":"wp","href":"https:\/\/api.w.org\/{rel}","templated":true}]}}